{"id":702,"date":"2025-01-01T21:27:35","date_gmt":"2025-01-01T20:27:35","guid":{"rendered":"https:\/\/opticologis.fr\/?page_id=702"},"modified":"2026-01-04T09:14:00","modified_gmt":"2026-01-04T08:14:00","slug":"lunettoscope","status":"publish","type":"page","link":"https:\/\/opticologis.fr\/index.php\/lunettoscope\/","title":{"rendered":"Lunettoscope"},"content":{"rendered":"\n<div class=\"wp-block-columns is-layout-flex wp-container-core-columns-is-layout-28f84493 wp-block-columns-is-layout-flex\">\n<div class=\"wp-block-column is-layout-flow wp-block-column-is-layout-flow\">\n<figure class=\"wp-block-image size-large\"><img fetchpriority=\"high\" decoding=\"async\" width=\"708\" height=\"1024\" src=\"http:\/\/opticologis.fr\/wp-content\/uploads\/2025\/01\/recto-708x1024.png\" alt=\"lunettoscope 1 opticologis\" class=\"wp-image-704\" srcset=\"https:\/\/opticologis.fr\/wp-content\/uploads\/2025\/01\/recto-708x1024.png 708w, https:\/\/opticologis.fr\/wp-content\/uploads\/2025\/01\/recto-207x300.png 207w, https:\/\/opticologis.fr\/wp-content\/uploads\/2025\/01\/recto-768x1111.png 768w, https:\/\/opticologis.fr\/wp-content\/uploads\/2025\/01\/recto.png 846w\" sizes=\"(max-width: 708px) 100vw, 708px\" \/><\/figure>\n<\/div>\n\n\n\n<div class=\"wp-block-column is-layout-flow wp-block-column-is-layout-flow\">\n<figure class=\"wp-block-image size-large\"><img decoding=\"async\" width=\"708\" height=\"1024\" src=\"http:\/\/opticologis.fr\/wp-content\/uploads\/2025\/01\/Lunettoscope-2-prototype-recto-708x1024.jpg\" alt=\"Lunettoscope 2 opticologis\" class=\"wp-image-706\" srcset=\"https:\/\/opticologis.fr\/wp-content\/uploads\/2025\/01\/Lunettoscope-2-prototype-recto-708x1024.jpg 708w, https:\/\/opticologis.fr\/wp-content\/uploads\/2025\/01\/Lunettoscope-2-prototype-recto-207x300.jpg 207w, https:\/\/opticologis.fr\/wp-content\/uploads\/2025\/01\/Lunettoscope-2-prototype-recto-768x1111.jpg 768w, https:\/\/opticologis.fr\/wp-content\/uploads\/2025\/01\/Lunettoscope-2-prototype-recto.jpg 846w\" sizes=\"(max-width: 708px) 100vw, 708px\" \/><\/figure>\n<\/div>\n<\/div>\n\n\n\n<div class=\"wp-block-columns is-layout-flex wp-container-core-columns-is-layout-28f84493 wp-block-columns-is-layout-flex\">\n<div class=\"wp-block-column is-layout-flow wp-block-column-is-layout-flow\">\n<figure class=\"wp-block-gallery has-nested-images columns-default is-cropped wp-block-gallery-1 is-layout-flex wp-block-gallery-is-layout-flex\">\n<figure class=\"wp-block-image size-large\"><img decoding=\"async\" width=\"707\" height=\"1024\" data-id=\"729\" src=\"https:\/\/opticologis.fr\/wp-content\/uploads\/2025\/03\/Lunettoscope-3-1-707x1024.jpg\" alt=\"\" class=\"wp-image-729\" srcset=\"https:\/\/opticologis.fr\/wp-content\/uploads\/2025\/03\/Lunettoscope-3-1-707x1024.jpg 707w, https:\/\/opticologis.fr\/wp-content\/uploads\/2025\/03\/Lunettoscope-3-1-207x300.jpg 207w, https:\/\/opticologis.fr\/wp-content\/uploads\/2025\/03\/Lunettoscope-3-1-768x1112.jpg 768w, https:\/\/opticologis.fr\/wp-content\/uploads\/2025\/03\/Lunettoscope-3-1-1061x1536.jpg 1061w, https:\/\/opticologis.fr\/wp-content\/uploads\/2025\/03\/Lunettoscope-3-1-1415x2048.jpg 1415w, https:\/\/opticologis.fr\/wp-content\/uploads\/2025\/03\/Lunettoscope-3-1-scaled.jpg 1768w\" sizes=\"(max-width: 707px) 100vw, 707px\" \/><\/figure>\n<\/figure>\n<\/div>\n\n\n\n<div class=\"wp-block-column is-layout-flow wp-block-column-is-layout-flow\">\n<figure class=\"wp-block-image size-large\"><img loading=\"lazy\" decoding=\"async\" width=\"708\" height=\"1024\" src=\"https:\/\/opticologis.fr\/wp-content\/uploads\/2025\/06\/Lunettoscope-4-prototype-recto-708x1024.png\" alt=\"\" class=\"wp-image-766\" srcset=\"https:\/\/opticologis.fr\/wp-content\/uploads\/2025\/06\/Lunettoscope-4-prototype-recto-708x1024.png 708w, https:\/\/opticologis.fr\/wp-content\/uploads\/2025\/06\/Lunettoscope-4-prototype-recto-207x300.png 207w, https:\/\/opticologis.fr\/wp-content\/uploads\/2025\/06\/Lunettoscope-4-prototype-recto-768x1111.png 768w, https:\/\/opticologis.fr\/wp-content\/uploads\/2025\/06\/Lunettoscope-4-prototype-recto.png 846w\" sizes=\"(max-width: 708px) 100vw, 708px\" \/><\/figure>\n<\/div>\n<\/div>\n\n\n\n<div class=\"wp-block-columns is-layout-flex wp-container-core-columns-is-layout-28f84493 wp-block-columns-is-layout-flex\">\n<div class=\"wp-block-column is-layout-flow wp-block-column-is-layout-flow\">\n<figure class=\"wp-block-image size-large\"><img loading=\"lazy\" decoding=\"async\" width=\"708\" height=\"1024\" src=\"http:\/\/opticologis.fr\/wp-content\/uploads\/2025\/10\/Lunettoscope-5-recto-708x1024.jpg\" alt=\"\" class=\"wp-image-770\" srcset=\"https:\/\/opticologis.fr\/wp-content\/uploads\/2025\/10\/Lunettoscope-5-recto-708x1024.jpg 708w, https:\/\/opticologis.fr\/wp-content\/uploads\/2025\/10\/Lunettoscope-5-recto-207x300.jpg 207w, https:\/\/opticologis.fr\/wp-content\/uploads\/2025\/10\/Lunettoscope-5-recto-768x1111.jpg 768w, https:\/\/opticologis.fr\/wp-content\/uploads\/2025\/10\/Lunettoscope-5-recto.jpg 846w\" sizes=\"(max-width: 708px) 100vw, 708px\" \/><\/figure>\n<\/div>\n\n\n\n<div class=\"wp-block-column is-layout-flow wp-block-column-is-layout-flow\">\n<figure class=\"wp-block-image size-large\"><img loading=\"lazy\" decoding=\"async\" width=\"708\" height=\"1024\" src=\"http:\/\/opticologis.fr\/wp-content\/uploads\/2026\/01\/Lunettoscope-6-recto-708x1024.jpg\" alt=\"\" class=\"wp-image-775\" srcset=\"https:\/\/opticologis.fr\/wp-content\/uploads\/2026\/01\/Lunettoscope-6-recto-708x1024.jpg 708w, https:\/\/opticologis.fr\/wp-content\/uploads\/2026\/01\/Lunettoscope-6-recto-207x300.jpg 207w, https:\/\/opticologis.fr\/wp-content\/uploads\/2026\/01\/Lunettoscope-6-recto-768x1111.jpg 768w, https:\/\/opticologis.fr\/wp-content\/uploads\/2026\/01\/Lunettoscope-6-recto.jpg 846w\" sizes=\"(max-width: 708px) 100vw, 708px\" \/><\/figure>\n<\/div>\n<\/div>\n\n\n<div class=\"social-share-buttons\"><a class=\"wirawp-stack-small\" href=\"https:\/\/www.facebook.com\/sharer\/sharer.php?u=https:\/\/opticologis.fr\/index.php\/lunettoscope\/\" target=\"_blank\" rel=\"noopener\">\uf39e<\/a><a class=\"wirawp-stack-small\" href=\"https:\/\/twitter.com\/intent\/tweet?url=https:\/\/opticologis.fr\/index.php\/lunettoscope\/&text=Lunettoscope\" target=\"_blank\" rel=\"noopener\">\uf099<\/a><a class=\"wirawp-stack-small\" href=\"https:\/\/www.linkedin.com\/shareArticle?url=https:\/\/opticologis.fr\/index.php\/lunettoscope\/&title=Lunettoscope\" target=\"_blank\" rel=\"noopener\">\uf0e1<\/a><a class=\"wirawp-stack-small\" href=\"https:\/\/pinterest.com\/pin\/create\/button\/?url=https:\/\/opticologis.fr\/index.php\/lunettoscope\/&description=Lunettoscope\" target=\"_blank\" rel=\"noopener\">\uf231<\/a><\/div>","protected":false},"excerpt":{"rendered":"<p>\uf39e\uf099\uf0e1\uf231<\/p>\n","protected":false},"author":2,"featured_media":0,"parent":0,"menu_order":0,"comment_status":"closed","ping_status":"closed","template":"","meta":{"footnotes":""},"class_list":["post-702","page","type-page","status-publish","hentry"],"yoast_head":"<!-- This site is optimized with the Yoast SEO plugin v26.7 - https:\/\/yoast.com\/wordpress\/plugins\/seo\/ -->\n<title>Lunettoscope - OPTIC&#039; O LOGIS<\/title>\n<meta name=\"robots\" content=\"index, follow, max-snippet:-1, max-image-preview:large, max-video-preview:-1\" \/>\n<link rel=\"canonical\" href=\"https:\/\/opticologis.fr\/index.php\/lunettoscope\/\" \/>\n<meta property=\"og:locale\" content=\"en_US\" \/>\n<meta property=\"og:type\" content=\"article\" \/>\n<meta property=\"og:title\" content=\"Lunettoscope - OPTIC&#039; O LOGIS\" \/>\n<meta property=\"og:description\" content=\"\uf39e\uf099\uf0e1\uf231\" \/>\n<meta property=\"og:url\" content=\"https:\/\/opticologis.fr\/index.php\/lunettoscope\/\" \/>\n<meta property=\"og:site_name\" content=\"OPTIC&#039; O LOGIS\" \/>\n<meta property=\"article:modified_time\" content=\"2026-01-04T08:14:00+00:00\" \/>\n<meta property=\"og:image\" content=\"https:\/\/opticologis.fr\/wp-content\/uploads\/2025\/01\/recto.png\" \/>\n\t<meta property=\"og:image:width\" content=\"846\" \/>\n\t<meta property=\"og:image:height\" content=\"1224\" \/>\n\t<meta property=\"og:image:type\" content=\"image\/png\" \/>\n<meta name=\"twitter:card\" content=\"summary_large_image\" \/>\n<script type=\"application\/ld+json\" class=\"yoast-schema-graph\">{\"@context\":\"https:\/\/schema.org\",\"@graph\":[{\"@type\":\"WebPage\",\"@id\":\"https:\/\/opticologis.fr\/index.php\/lunettoscope\/\",\"url\":\"https:\/\/opticologis.fr\/index.php\/lunettoscope\/\",\"name\":\"Lunettoscope - OPTIC&#039; O LOGIS\",\"isPartOf\":{\"@id\":\"https:\/\/opticologis.fr\/#website\"},\"primaryImageOfPage\":{\"@id\":\"https:\/\/opticologis.fr\/index.php\/lunettoscope\/#primaryimage\"},\"image\":{\"@id\":\"https:\/\/opticologis.fr\/index.php\/lunettoscope\/#primaryimage\"},\"thumbnailUrl\":\"http:\/\/opticologis.fr\/wp-content\/uploads\/2025\/01\/recto-708x1024.png\",\"datePublished\":\"2025-01-01T20:27:35+00:00\",\"dateModified\":\"2026-01-04T08:14:00+00:00\",\"breadcrumb\":{\"@id\":\"https:\/\/opticologis.fr\/index.php\/lunettoscope\/#breadcrumb\"},\"inLanguage\":\"en-US\",\"potentialAction\":[{\"@type\":\"ReadAction\",\"target\":[\"https:\/\/opticologis.fr\/index.php\/lunettoscope\/\"]}]},{\"@type\":\"ImageObject\",\"inLanguage\":\"en-US\",\"@id\":\"https:\/\/opticologis.fr\/index.php\/lunettoscope\/#primaryimage\",\"url\":\"https:\/\/opticologis.fr\/wp-content\/uploads\/2025\/01\/recto.png\",\"contentUrl\":\"https:\/\/opticologis.fr\/wp-content\/uploads\/2025\/01\/recto.png\",\"width\":846,\"height\":1224,\"caption\":\"lunettoscope 1 opticologis\"},{\"@type\":\"BreadcrumbList\",\"@id\":\"https:\/\/opticologis.fr\/index.php\/lunettoscope\/#breadcrumb\",\"itemListElement\":[{\"@type\":\"ListItem\",\"position\":1,\"name\":\"Accueil\",\"item\":\"https:\/\/opticologis.fr\/\"},{\"@type\":\"ListItem\",\"position\":2,\"name\":\"Lunettoscope\"}]},{\"@type\":\"WebSite\",\"@id\":\"https:\/\/opticologis.fr\/#website\",\"url\":\"https:\/\/opticologis.fr\/\",\"name\":\"OPTIC&#039; O LOGIS\",\"description\":\"Vos opticiens sp\u00e9cialis\u00e9s \u00e0 domicile\",\"publisher\":{\"@id\":\"https:\/\/opticologis.fr\/#organization\"},\"potentialAction\":[{\"@type\":\"SearchAction\",\"target\":{\"@type\":\"EntryPoint\",\"urlTemplate\":\"https:\/\/opticologis.fr\/?s={search_term_string}\"},\"query-input\":{\"@type\":\"PropertyValueSpecification\",\"valueRequired\":true,\"valueName\":\"search_term_string\"}}],\"inLanguage\":\"en-US\"},{\"@type\":\"Organization\",\"@id\":\"https:\/\/opticologis.fr\/#organization\",\"name\":\"OPTIC&#039; O LOGIS\",\"url\":\"https:\/\/opticologis.fr\/\",\"logo\":{\"@type\":\"ImageObject\",\"inLanguage\":\"en-US\",\"@id\":\"https:\/\/opticologis.fr\/#\/schema\/logo\/image\/\",\"url\":\"https:\/\/opticologis.fr\/wp-content\/uploads\/2024\/10\/cropped-fond-transparent-1.png\",\"contentUrl\":\"https:\/\/opticologis.fr\/wp-content\/uploads\/2024\/10\/cropped-fond-transparent-1.png\",\"width\":610,\"height\":490,\"caption\":\"OPTIC&#039; O LOGIS\"},\"image\":{\"@id\":\"https:\/\/opticologis.fr\/#\/schema\/logo\/image\/\"}}]}<\/script>\n<!-- \/ Yoast SEO plugin. -->","yoast_head_json":{"title":"Lunettoscope - OPTIC&#039; O LOGIS","robots":{"index":"index","follow":"follow","max-snippet":"max-snippet:-1","max-image-preview":"max-image-preview:large","max-video-preview":"max-video-preview:-1"},"canonical":"https:\/\/opticologis.fr\/index.php\/lunettoscope\/","og_locale":"en_US","og_type":"article","og_title":"Lunettoscope - OPTIC&#039; O LOGIS","og_description":"\uf39e\uf099\uf0e1\uf231","og_url":"https:\/\/opticologis.fr\/index.php\/lunettoscope\/","og_site_name":"OPTIC&#039; O LOGIS","article_modified_time":"2026-01-04T08:14:00+00:00","og_image":[{"width":846,"height":1224,"url":"https:\/\/opticologis.fr\/wp-content\/uploads\/2025\/01\/recto.png","type":"image\/png"}],"twitter_card":"summary_large_image","schema":{"@context":"https:\/\/schema.org","@graph":[{"@type":"WebPage","@id":"https:\/\/opticologis.fr\/index.php\/lunettoscope\/","url":"https:\/\/opticologis.fr\/index.php\/lunettoscope\/","name":"Lunettoscope - OPTIC&#039; O LOGIS","isPartOf":{"@id":"https:\/\/opticologis.fr\/#website"},"primaryImageOfPage":{"@id":"https:\/\/opticologis.fr\/index.php\/lunettoscope\/#primaryimage"},"image":{"@id":"https:\/\/opticologis.fr\/index.php\/lunettoscope\/#primaryimage"},"thumbnailUrl":"http:\/\/opticologis.fr\/wp-content\/uploads\/2025\/01\/recto-708x1024.png","datePublished":"2025-01-01T20:27:35+00:00","dateModified":"2026-01-04T08:14:00+00:00","breadcrumb":{"@id":"https:\/\/opticologis.fr\/index.php\/lunettoscope\/#breadcrumb"},"inLanguage":"en-US","potentialAction":[{"@type":"ReadAction","target":["https:\/\/opticologis.fr\/index.php\/lunettoscope\/"]}]},{"@type":"ImageObject","inLanguage":"en-US","@id":"https:\/\/opticologis.fr\/index.php\/lunettoscope\/#primaryimage","url":"https:\/\/opticologis.fr\/wp-content\/uploads\/2025\/01\/recto.png","contentUrl":"https:\/\/opticologis.fr\/wp-content\/uploads\/2025\/01\/recto.png","width":846,"height":1224,"caption":"lunettoscope 1 opticologis"},{"@type":"BreadcrumbList","@id":"https:\/\/opticologis.fr\/index.php\/lunettoscope\/#breadcrumb","itemListElement":[{"@type":"ListItem","position":1,"name":"Accueil","item":"https:\/\/opticologis.fr\/"},{"@type":"ListItem","position":2,"name":"Lunettoscope"}]},{"@type":"WebSite","@id":"https:\/\/opticologis.fr\/#website","url":"https:\/\/opticologis.fr\/","name":"OPTIC&#039; O LOGIS","description":"Vos opticiens sp\u00e9cialis\u00e9s \u00e0 domicile","publisher":{"@id":"https:\/\/opticologis.fr\/#organization"},"potentialAction":[{"@type":"SearchAction","target":{"@type":"EntryPoint","urlTemplate":"https:\/\/opticologis.fr\/?s={search_term_string}"},"query-input":{"@type":"PropertyValueSpecification","valueRequired":true,"valueName":"search_term_string"}}],"inLanguage":"en-US"},{"@type":"Organization","@id":"https:\/\/opticologis.fr\/#organization","name":"OPTIC&#039; O LOGIS","url":"https:\/\/opticologis.fr\/","logo":{"@type":"ImageObject","inLanguage":"en-US","@id":"https:\/\/opticologis.fr\/#\/schema\/logo\/image\/","url":"https:\/\/opticologis.fr\/wp-content\/uploads\/2024\/10\/cropped-fond-transparent-1.png","contentUrl":"https:\/\/opticologis.fr\/wp-content\/uploads\/2024\/10\/cropped-fond-transparent-1.png","width":610,"height":490,"caption":"OPTIC&#039; O LOGIS"},"image":{"@id":"https:\/\/opticologis.fr\/#\/schema\/logo\/image\/"}}]}},"_links":{"self":[{"href":"https:\/\/opticologis.fr\/index.php\/wp-json\/wp\/v2\/pages\/702","targetHints":{"allow":["GET"]}}],"collection":[{"href":"https:\/\/opticologis.fr\/index.php\/wp-json\/wp\/v2\/pages"}],"about":[{"href":"https:\/\/opticologis.fr\/index.php\/wp-json\/wp\/v2\/types\/page"}],"author":[{"embeddable":true,"href":"https:\/\/opticologis.fr\/index.php\/wp-json\/wp\/v2\/users\/2"}],"replies":[{"embeddable":true,"href":"https:\/\/opticologis.fr\/index.php\/wp-json\/wp\/v2\/comments?post=702"}],"version-history":[{"count":5,"href":"https:\/\/opticologis.fr\/index.php\/wp-json\/wp\/v2\/pages\/702\/revisions"}],"predecessor-version":[{"id":776,"href":"https:\/\/opticologis.fr\/index.php\/wp-json\/wp\/v2\/pages\/702\/revisions\/776"}],"wp:attachment":[{"href":"https:\/\/opticologis.fr\/index.php\/wp-json\/wp\/v2\/media?parent=702"}],"curies":[{"name":"wp","href":"https:\/\/api.w.org\/{rel}","templated":true}]}}