{"id":437,"date":"2024-10-04T01:28:51","date_gmt":"2024-10-03T23:28:51","guid":{"rendered":"https:\/\/opticologis.fr\/?page_id=437"},"modified":"2024-11-02T21:43:45","modified_gmt":"2024-11-02T20:43:45","slug":"qui-sommes-nous","status":"publish","type":"page","link":"https:\/\/opticologis.fr\/index.php\/qui-sommes-nous\/","title":{"rendered":"Qui sommes-nous ?"},"content":{"rendered":"\n<h2 class=\"wp-block-heading\">Entreprise familiale Haut-Rhinoise<\/h2>\n\n\n\n<div class=\"wp-block-media-text is-stacked-on-mobile\"><figure class=\"wp-block-media-text__media\"><img fetchpriority=\"high\" decoding=\"async\" width=\"1024\" height=\"843\" src=\"http:\/\/opticologis.fr\/wp-content\/uploads\/2024\/10\/aa-jp-logo-1024x843.jpg\" alt=\"Albane et Jean-Philippe opticiens \u00e0 domicile sp\u00e9cialis\u00e9s dans le haut rhin chez Optic'O Logis, dipl\u00f4m\u00e9s et enregistr\u00e9 \u00e0 l'ARS du haut-rhin\" class=\"wp-image-630 size-full\" srcset=\"https:\/\/opticologis.fr\/wp-content\/uploads\/2024\/10\/aa-jp-logo-1024x843.jpg 1024w, https:\/\/opticologis.fr\/wp-content\/uploads\/2024\/10\/aa-jp-logo-300x247.jpg 300w, https:\/\/opticologis.fr\/wp-content\/uploads\/2024\/10\/aa-jp-logo-768x632.jpg 768w, https:\/\/opticologis.fr\/wp-content\/uploads\/2024\/10\/aa-jp-logo-1536x1264.jpg 1536w, https:\/\/opticologis.fr\/wp-content\/uploads\/2024\/10\/aa-jp-logo-2048x1686.jpg 2048w\" sizes=\"(max-width: 1024px) 100vw, 1024px\" \/><\/figure><div class=\"wp-block-media-text__content\">\n<p><em>\u00ab&nbsp;Opticiens dipl\u00f4m\u00e9s depuis 2008, nous sommes sp\u00e9cialis\u00e9s \u00e0 domicile pour vous offrir notre exp\u00e9rience, sans chronom\u00e8tre en main, \u00e0 votre rythme, directement dans votre cadre de vie<\/em>.&nbsp;\u00bb<br><br>Nous sommes un couple d&#8217;opticiens-lunetiers, passionn\u00e9s et perfectionnistes dans notre m\u00e9tier. Chaque d\u00e9tails comptent pour nous, et c&#8217;est ce soucis d&#8217;excellence qui nous a pouss\u00e9 \u00e0 cr\u00e9er Optic&#8217;O Logis, notre boutique d&#8217;opticiens \u00e0 domicile.<br><br>Lors de chaque rendez-vous, nous nous consacrons exclusivement \u00e0 notre client, afin de lui fournir un service sur-mesure adapt\u00e9 \u00e0 ses besoins visuels et \u00e0 son emploi du temps.<br><br>Nous comprenons \u00e9galement les d\u00e9fis d&#8217;une organisation familiale, \u00e9tant nous-m\u00eame parents de deux enfants, c&#8217;est pourquoi nous tenons \u00e0 proposer un service flexible et personnalis\u00e9.<\/p>\n<\/div><\/div>\n\n\n\n<h2 class=\"wp-block-heading\"><\/h2>\n\n\n\n<div class=\"wp-block-media-text has-media-on-the-right is-stacked-on-mobile\"><div class=\"wp-block-media-text__content\">\n<p><strong>Jean-Philippe PERETTI<\/strong>, opticien-lunetier <strong>dipl\u00f4m\u00e9 depuis 2008<\/strong>, passionn\u00e9 et \u00e0 l&#8217;\u00e9coute de vos besoins.<\/p>\n\n\n\n<p>Depuis mes d\u00e9buts, je me consacre \u00e0 mon m\u00e9tier d&#8217;opticien avec passion, en alliant l&#8217;<strong>aspect technique<\/strong>, la <strong>pr\u00e9cision<\/strong> et l&#8217;<strong>accompagnement personnalis\u00e9<\/strong> pour l&#8217;\u00e9laboration de vos lunettes.<\/p>\n\n\n\n<p>Je vous \u00e9quipe avec les montures adapt\u00e9es \u00e0 votre <strong>morphologie<\/strong> et r\u00e9pondant \u00e0 vos <strong>besoins et exigences visuelles<\/strong>. Mon objectif est d&#8217;am\u00e9liorer votre confort visuel et de r\u00e9soudre vos probl\u00e9matiques li\u00e9es \u00e0 l&#8217;<strong>adaptation des verres correcteurs<\/strong> ( progressifs ou autre ). Je propose \u00e9galement des <strong>aides visuelles et appareillage<\/strong> pour les personnes souffrant de pathologies oculaires.<\/p>\n\n\n\n<p>En tant qu&#8217;<strong>opticien \u00e0 domicile ind\u00e9pendant, et co-fondateur d&#8217;Optic&#8217;O Logis<\/strong>, je vous apporte des conseils personnalis\u00e9s dans le confort de votre foyer. Cette approche permet de prendre en compte vos conditions de vie et vos habitudes pour mieux adapter mes recommandations.<\/p>\n\n\n\n<p>Sp\u00e9cialis\u00e9 \u00e9galement dans l&#8217;<strong>\u00e9quipement de s\u00e9curit\u00e9<\/strong> et les solutions visuelles adapt\u00e9es aux <strong>activit\u00e9s sportives<\/strong>, je suis \u00e0 votre disposition pour r\u00e9pondre \u00e0 l&#8217;ensemble de vos besoins visuels, que ce soit au quotidien, pour votre travail ou vos loisirs.<\/p>\n\n\n\n<p><br><\/p>\n<\/div><figure class=\"wp-block-media-text__media\"><img decoding=\"async\" width=\"1015\" height=\"1024\" src=\"http:\/\/opticologis.fr\/wp-content\/uploads\/2024\/10\/jp1-1015x1024.jpg\" alt=\"opticien \u00e0 domicile mulhouse haut-rhin 68 alsace basse vision lunette de securit\u00e9 protection controle de la vue professionel de sant\u00e9\" class=\"wp-image-664 size-full\" srcset=\"https:\/\/opticologis.fr\/wp-content\/uploads\/2024\/10\/jp1-1015x1024.jpg 1015w, https:\/\/opticologis.fr\/wp-content\/uploads\/2024\/10\/jp1-297x300.jpg 297w, https:\/\/opticologis.fr\/wp-content\/uploads\/2024\/10\/jp1-150x150.jpg 150w, https:\/\/opticologis.fr\/wp-content\/uploads\/2024\/10\/jp1-768x775.jpg 768w, https:\/\/opticologis.fr\/wp-content\/uploads\/2024\/10\/jp1.jpg 1056w\" sizes=\"(max-width: 1015px) 100vw, 1015px\" \/><\/figure><\/div>\n\n\n\n<h2 class=\"wp-block-heading\"><\/h2>\n\n\n\n<p><\/p>\n\n\n\n<p><\/p>\n\n\n\n<p><\/p>\n\n\n\n<div class=\"wp-block-media-text is-stacked-on-mobile\"><figure class=\"wp-block-media-text__media\"><img decoding=\"async\" width=\"1013\" height=\"1024\" src=\"http:\/\/opticologis.fr\/wp-content\/uploads\/2024\/10\/aa1-1013x1024.jpg\" alt=\"opticien \u00e0 domicile mulhouse haut-rhin 68 alsace basse vision lunette de securit\u00e9 protection controle de la vue professionel de sant\u00e9 sp\u00e9cialiste opticien enfant\" class=\"wp-image-666 size-full\" srcset=\"https:\/\/opticologis.fr\/wp-content\/uploads\/2024\/10\/aa1-1013x1024.jpg 1013w, https:\/\/opticologis.fr\/wp-content\/uploads\/2024\/10\/aa1-297x300.jpg 297w, https:\/\/opticologis.fr\/wp-content\/uploads\/2024\/10\/aa1-768x776.jpg 768w, https:\/\/opticologis.fr\/wp-content\/uploads\/2024\/10\/aa1.jpg 1056w\" sizes=\"(max-width: 1013px) 100vw, 1013px\" \/><\/figure><div class=\"wp-block-media-text__content\">\n<p><strong>Albane ARNOLD<\/strong>, opticienne passionn\u00e9e et exp\u00e9riment\u00e9e, j&#8217;exerce dans le domaine depuis 2011, j&#8217;obtiens le dipl\u00f4me d&#8217;<strong>opticien-lunetier<\/strong> en 2013.<\/p>\n\n\n\n<p>Mon parcours m&#8217;a permis d&#8217;acqu\u00e9rir une solide exp\u00e9rience, d&#8217;abord en tant qu&#8217;opticienne collaboratrice puis comme responsable adjointe.<\/p>\n\n\n\n<p>Depuis mes d\u00e9buts en magasin j&#8217;ai toujours port\u00e9 une attention particuli\u00e8re aux <strong>aspects esth\u00e9tiques et techniques <\/strong>de part mes <strong>conseils en visagisme<\/strong> en vous proposant des <strong>montures adapt\u00e9es<\/strong> \u00e0 votre morphologie et \u00e0 vos corrections.<\/p>\n\n\n\n<p>Aujourd&#8217;hui en tant qu&#8217;opticienne \u00e0 domicile chez <strong>Optic&#8217;O Logis<\/strong>, <strong>fond\u00e9e avec mon conjoint<\/strong>, j&#8217;apporte ce savoir-faire directement chez vous. <\/p>\n\n\n\n<p>\u00c9tant moi-m\u00eame maman, je suis particuli\u00e8rement attentive aux <strong>besoins des enfants<\/strong>\u00a0: la croissance \u00e9tant une p\u00e9riode cl\u00e9 pour le d\u00e9veloppement visuel, je me suis <strong>sp\u00e9cialis\u00e9e dans l&#8217;\u00e9quipement et la prise en charge des plus jeunes<\/strong>.<\/p>\n\n\n\n<p>Je suis form\u00e9e sur les derni\u00e8res innovations, notamment en mati\u00e8re de <strong>gestion de la myopie<\/strong>, j&#8217;\u00e9quipe en <strong>verres freinateurs<\/strong> et assure le <strong>suivi pour une adaptation optimale<\/strong>. <\/p>\n\n\n\n<p>Mon objectif est de fournir un accompagnement complet ou chacun b\u00e9n\u00e9ficie d&#8217;un service sur mesure, de qualit\u00e9 et en toute confiance, vous \u00e9quiper avec des <strong>lunettes qui r\u00e9pondent \u00e0 vos besoins et refl\u00e8tent votre style<\/strong>.<\/p>\n<\/div><\/div>\n<div class=\"social-share-buttons\"><a class=\"wirawp-stack-small\" href=\"https:\/\/www.facebook.com\/sharer\/sharer.php?u=https:\/\/opticologis.fr\/index.php\/qui-sommes-nous\/\" target=\"_blank\" rel=\"noopener\">\uf39e<\/a><a class=\"wirawp-stack-small\" href=\"https:\/\/twitter.com\/intent\/tweet?url=https:\/\/opticologis.fr\/index.php\/qui-sommes-nous\/&text=Qui+sommes-nous+%3F\" target=\"_blank\" rel=\"noopener\">\uf099<\/a><a class=\"wirawp-stack-small\" href=\"https:\/\/www.linkedin.com\/shareArticle?url=https:\/\/opticologis.fr\/index.php\/qui-sommes-nous\/&title=Qui+sommes-nous+%3F\" target=\"_blank\" rel=\"noopener\">\uf0e1<\/a><a class=\"wirawp-stack-small\" href=\"https:\/\/pinterest.com\/pin\/create\/button\/?url=https:\/\/opticologis.fr\/index.php\/qui-sommes-nous\/&description=Qui+sommes-nous+%3F\" target=\"_blank\" rel=\"noopener\">\uf231<\/a><\/div>","protected":false},"excerpt":{"rendered":"<p>Entreprise familiale Haut-Rhinoise \u00ab&nbsp;Opticiens dipl\u00f4m\u00e9s depuis 2008, nous sommes sp\u00e9cialis\u00e9s \u00e0 domicile pour vous offrir notre exp\u00e9rience, sans chronom\u00e8tre en main, \u00e0 votre rythme, directement dans votre cadre de vie.&nbsp;\u00bb Nous sommes un couple d&#8217;opticiens-lunetiers, passionn\u00e9s et perfectionnistes dans notre m\u00e9tier. Chaque d\u00e9tails comptent pour nous, et c&#8217;est ce soucis d&#8217;excellence qui nous a pouss\u00e9 [&hellip;]<\/p>\n","protected":false},"author":2,"featured_media":0,"parent":0,"menu_order":0,"comment_status":"closed","ping_status":"closed","template":"","meta":{"footnotes":""},"class_list":["post-437","page","type-page","status-publish","hentry"],"yoast_head":"<!-- This site is optimized with the Yoast SEO plugin v26.7 - https:\/\/yoast.com\/wordpress\/plugins\/seo\/ -->\n<title>Qui sommes-nous ? - OPTIC&#039; O LOGIS<\/title>\n<meta name=\"robots\" content=\"index, follow, max-snippet:-1, max-image-preview:large, max-video-preview:-1\" \/>\n<link rel=\"canonical\" href=\"https:\/\/opticologis.fr\/index.php\/qui-sommes-nous\/\" \/>\n<meta property=\"og:locale\" content=\"en_US\" \/>\n<meta property=\"og:type\" content=\"article\" \/>\n<meta property=\"og:title\" content=\"Qui sommes-nous ? - OPTIC&#039; O LOGIS\" \/>\n<meta property=\"og:description\" content=\"Entreprise familiale Haut-Rhinoise \u00ab&nbsp;Opticiens dipl\u00f4m\u00e9s depuis 2008, nous sommes sp\u00e9cialis\u00e9s \u00e0 domicile pour vous offrir notre exp\u00e9rience, sans chronom\u00e8tre en main, \u00e0 votre rythme, directement dans votre cadre de vie.&nbsp;\u00bb Nous sommes un couple d&#8217;opticiens-lunetiers, passionn\u00e9s et perfectionnistes dans notre m\u00e9tier. Chaque d\u00e9tails comptent pour nous, et c&#8217;est ce soucis d&#8217;excellence qui nous a pouss\u00e9 [&hellip;]\" \/>\n<meta property=\"og:url\" content=\"https:\/\/opticologis.fr\/index.php\/qui-sommes-nous\/\" \/>\n<meta property=\"og:site_name\" content=\"OPTIC&#039; O LOGIS\" \/>\n<meta property=\"article:modified_time\" content=\"2024-11-02T20:43:45+00:00\" \/>\n<meta property=\"og:image\" content=\"https:\/\/opticologis.fr\/wp-content\/uploads\/2024\/10\/aa-jp-logo.jpg\" \/>\n\t<meta property=\"og:image:width\" content=\"2312\" \/>\n\t<meta property=\"og:image:height\" content=\"1903\" \/>\n\t<meta property=\"og:image:type\" content=\"image\/jpeg\" \/>\n<meta name=\"twitter:card\" content=\"summary_large_image\" \/>\n<meta name=\"twitter:label1\" content=\"Est. reading time\" \/>\n\t<meta name=\"twitter:data1\" content=\"3 minutes\" \/>\n<script type=\"application\/ld+json\" class=\"yoast-schema-graph\">{\"@context\":\"https:\/\/schema.org\",\"@graph\":[{\"@type\":\"WebPage\",\"@id\":\"https:\/\/opticologis.fr\/index.php\/qui-sommes-nous\/\",\"url\":\"https:\/\/opticologis.fr\/index.php\/qui-sommes-nous\/\",\"name\":\"Qui sommes-nous ? - OPTIC&#039; O LOGIS\",\"isPartOf\":{\"@id\":\"https:\/\/opticologis.fr\/#website\"},\"primaryImageOfPage\":{\"@id\":\"https:\/\/opticologis.fr\/index.php\/qui-sommes-nous\/#primaryimage\"},\"image\":{\"@id\":\"https:\/\/opticologis.fr\/index.php\/qui-sommes-nous\/#primaryimage\"},\"thumbnailUrl\":\"http:\/\/opticologis.fr\/wp-content\/uploads\/2024\/10\/aa-jp-logo-1024x843.jpg\",\"datePublished\":\"2024-10-03T23:28:51+00:00\",\"dateModified\":\"2024-11-02T20:43:45+00:00\",\"breadcrumb\":{\"@id\":\"https:\/\/opticologis.fr\/index.php\/qui-sommes-nous\/#breadcrumb\"},\"inLanguage\":\"en-US\",\"potentialAction\":[{\"@type\":\"ReadAction\",\"target\":[\"https:\/\/opticologis.fr\/index.php\/qui-sommes-nous\/\"]}]},{\"@type\":\"ImageObject\",\"inLanguage\":\"en-US\",\"@id\":\"https:\/\/opticologis.fr\/index.php\/qui-sommes-nous\/#primaryimage\",\"url\":\"https:\/\/opticologis.fr\/wp-content\/uploads\/2024\/10\/aa-jp-logo.jpg\",\"contentUrl\":\"https:\/\/opticologis.fr\/wp-content\/uploads\/2024\/10\/aa-jp-logo.jpg\",\"width\":2312,\"height\":1903,\"caption\":\"Albane et Jean-Philippe opticiens \u00e0 domicile sp\u00e9cialis\u00e9s dans le haut rhin chez Optic'O Logis, dipl\u00f4m\u00e9s et enregistr\u00e9 \u00e0 l'ARS du haut-rhin\"},{\"@type\":\"BreadcrumbList\",\"@id\":\"https:\/\/opticologis.fr\/index.php\/qui-sommes-nous\/#breadcrumb\",\"itemListElement\":[{\"@type\":\"ListItem\",\"position\":1,\"name\":\"Accueil\",\"item\":\"https:\/\/opticologis.fr\/\"},{\"@type\":\"ListItem\",\"position\":2,\"name\":\"Qui sommes-nous ?\"}]},{\"@type\":\"WebSite\",\"@id\":\"https:\/\/opticologis.fr\/#website\",\"url\":\"https:\/\/opticologis.fr\/\",\"name\":\"OPTIC&#039; O LOGIS\",\"description\":\"Vos opticiens sp\u00e9cialis\u00e9s \u00e0 domicile\",\"publisher\":{\"@id\":\"https:\/\/opticologis.fr\/#organization\"},\"potentialAction\":[{\"@type\":\"SearchAction\",\"target\":{\"@type\":\"EntryPoint\",\"urlTemplate\":\"https:\/\/opticologis.fr\/?s={search_term_string}\"},\"query-input\":{\"@type\":\"PropertyValueSpecification\",\"valueRequired\":true,\"valueName\":\"search_term_string\"}}],\"inLanguage\":\"en-US\"},{\"@type\":\"Organization\",\"@id\":\"https:\/\/opticologis.fr\/#organization\",\"name\":\"OPTIC&#039; O LOGIS\",\"url\":\"https:\/\/opticologis.fr\/\",\"logo\":{\"@type\":\"ImageObject\",\"inLanguage\":\"en-US\",\"@id\":\"https:\/\/opticologis.fr\/#\/schema\/logo\/image\/\",\"url\":\"https:\/\/opticologis.fr\/wp-content\/uploads\/2024\/10\/cropped-fond-transparent-1.png\",\"contentUrl\":\"https:\/\/opticologis.fr\/wp-content\/uploads\/2024\/10\/cropped-fond-transparent-1.png\",\"width\":610,\"height\":490,\"caption\":\"OPTIC&#039; O LOGIS\"},\"image\":{\"@id\":\"https:\/\/opticologis.fr\/#\/schema\/logo\/image\/\"}}]}<\/script>\n<!-- \/ Yoast SEO plugin. -->","yoast_head_json":{"title":"Qui sommes-nous ? - OPTIC&#039; O LOGIS","robots":{"index":"index","follow":"follow","max-snippet":"max-snippet:-1","max-image-preview":"max-image-preview:large","max-video-preview":"max-video-preview:-1"},"canonical":"https:\/\/opticologis.fr\/index.php\/qui-sommes-nous\/","og_locale":"en_US","og_type":"article","og_title":"Qui sommes-nous ? - OPTIC&#039; O LOGIS","og_description":"Entreprise familiale Haut-Rhinoise \u00ab&nbsp;Opticiens dipl\u00f4m\u00e9s depuis 2008, nous sommes sp\u00e9cialis\u00e9s \u00e0 domicile pour vous offrir notre exp\u00e9rience, sans chronom\u00e8tre en main, \u00e0 votre rythme, directement dans votre cadre de vie.&nbsp;\u00bb Nous sommes un couple d&#8217;opticiens-lunetiers, passionn\u00e9s et perfectionnistes dans notre m\u00e9tier. Chaque d\u00e9tails comptent pour nous, et c&#8217;est ce soucis d&#8217;excellence qui nous a pouss\u00e9 [&hellip;]","og_url":"https:\/\/opticologis.fr\/index.php\/qui-sommes-nous\/","og_site_name":"OPTIC&#039; O LOGIS","article_modified_time":"2024-11-02T20:43:45+00:00","og_image":[{"width":2312,"height":1903,"url":"https:\/\/opticologis.fr\/wp-content\/uploads\/2024\/10\/aa-jp-logo.jpg","type":"image\/jpeg"}],"twitter_card":"summary_large_image","twitter_misc":{"Est. reading time":"3 minutes"},"schema":{"@context":"https:\/\/schema.org","@graph":[{"@type":"WebPage","@id":"https:\/\/opticologis.fr\/index.php\/qui-sommes-nous\/","url":"https:\/\/opticologis.fr\/index.php\/qui-sommes-nous\/","name":"Qui sommes-nous ? - OPTIC&#039; O LOGIS","isPartOf":{"@id":"https:\/\/opticologis.fr\/#website"},"primaryImageOfPage":{"@id":"https:\/\/opticologis.fr\/index.php\/qui-sommes-nous\/#primaryimage"},"image":{"@id":"https:\/\/opticologis.fr\/index.php\/qui-sommes-nous\/#primaryimage"},"thumbnailUrl":"http:\/\/opticologis.fr\/wp-content\/uploads\/2024\/10\/aa-jp-logo-1024x843.jpg","datePublished":"2024-10-03T23:28:51+00:00","dateModified":"2024-11-02T20:43:45+00:00","breadcrumb":{"@id":"https:\/\/opticologis.fr\/index.php\/qui-sommes-nous\/#breadcrumb"},"inLanguage":"en-US","potentialAction":[{"@type":"ReadAction","target":["https:\/\/opticologis.fr\/index.php\/qui-sommes-nous\/"]}]},{"@type":"ImageObject","inLanguage":"en-US","@id":"https:\/\/opticologis.fr\/index.php\/qui-sommes-nous\/#primaryimage","url":"https:\/\/opticologis.fr\/wp-content\/uploads\/2024\/10\/aa-jp-logo.jpg","contentUrl":"https:\/\/opticologis.fr\/wp-content\/uploads\/2024\/10\/aa-jp-logo.jpg","width":2312,"height":1903,"caption":"Albane et Jean-Philippe opticiens \u00e0 domicile sp\u00e9cialis\u00e9s dans le haut rhin chez Optic'O Logis, dipl\u00f4m\u00e9s et enregistr\u00e9 \u00e0 l'ARS du haut-rhin"},{"@type":"BreadcrumbList","@id":"https:\/\/opticologis.fr\/index.php\/qui-sommes-nous\/#breadcrumb","itemListElement":[{"@type":"ListItem","position":1,"name":"Accueil","item":"https:\/\/opticologis.fr\/"},{"@type":"ListItem","position":2,"name":"Qui sommes-nous ?"}]},{"@type":"WebSite","@id":"https:\/\/opticologis.fr\/#website","url":"https:\/\/opticologis.fr\/","name":"OPTIC&#039; O LOGIS","description":"Vos opticiens sp\u00e9cialis\u00e9s \u00e0 domicile","publisher":{"@id":"https:\/\/opticologis.fr\/#organization"},"potentialAction":[{"@type":"SearchAction","target":{"@type":"EntryPoint","urlTemplate":"https:\/\/opticologis.fr\/?s={search_term_string}"},"query-input":{"@type":"PropertyValueSpecification","valueRequired":true,"valueName":"search_term_string"}}],"inLanguage":"en-US"},{"@type":"Organization","@id":"https:\/\/opticologis.fr\/#organization","name":"OPTIC&#039; O LOGIS","url":"https:\/\/opticologis.fr\/","logo":{"@type":"ImageObject","inLanguage":"en-US","@id":"https:\/\/opticologis.fr\/#\/schema\/logo\/image\/","url":"https:\/\/opticologis.fr\/wp-content\/uploads\/2024\/10\/cropped-fond-transparent-1.png","contentUrl":"https:\/\/opticologis.fr\/wp-content\/uploads\/2024\/10\/cropped-fond-transparent-1.png","width":610,"height":490,"caption":"OPTIC&#039; O LOGIS"},"image":{"@id":"https:\/\/opticologis.fr\/#\/schema\/logo\/image\/"}}]}},"_links":{"self":[{"href":"https:\/\/opticologis.fr\/index.php\/wp-json\/wp\/v2\/pages\/437","targetHints":{"allow":["GET"]}}],"collection":[{"href":"https:\/\/opticologis.fr\/index.php\/wp-json\/wp\/v2\/pages"}],"about":[{"href":"https:\/\/opticologis.fr\/index.php\/wp-json\/wp\/v2\/types\/page"}],"author":[{"embeddable":true,"href":"https:\/\/opticologis.fr\/index.php\/wp-json\/wp\/v2\/users\/2"}],"replies":[{"embeddable":true,"href":"https:\/\/opticologis.fr\/index.php\/wp-json\/wp\/v2\/comments?post=437"}],"version-history":[{"count":10,"href":"https:\/\/opticologis.fr\/index.php\/wp-json\/wp\/v2\/pages\/437\/revisions"}],"predecessor-version":[{"id":699,"href":"https:\/\/opticologis.fr\/index.php\/wp-json\/wp\/v2\/pages\/437\/revisions\/699"}],"wp:attachment":[{"href":"https:\/\/opticologis.fr\/index.php\/wp-json\/wp\/v2\/media?parent=437"}],"curies":[{"name":"wp","href":"https:\/\/api.w.org\/{rel}","templated":true}]}}