{"id":411,"date":"2024-10-04T00:57:18","date_gmt":"2024-10-03T22:57:18","guid":{"rendered":"https:\/\/opticologis.fr\/?page_id=411"},"modified":"2024-10-22T22:08:28","modified_gmt":"2024-10-22T20:08:28","slug":"accueil","status":"publish","type":"page","link":"https:\/\/opticologis.fr\/","title":{"rendered":"Bienvenue chez Optic&#8217;O Logis"},"content":{"rendered":"\n<div class=\"wp-block-media-text is-stacked-on-mobile\"><figure class=\"wp-block-media-text__media\"><img fetchpriority=\"high\" decoding=\"async\" width=\"1024\" height=\"1024\" src=\"http:\/\/opticologis.fr\/wp-content\/uploads\/2024\/10\/presentation-OpticO-logis-1024x1024.png\" alt=\"opticologis Optic'O Logis opticiens \u00e0 domicile mobile haut-rhin territoire de belfort sundgau mulhouse vall\u00e9e de la thur doller route des vins guewiller altkirch dannemarie ferrette courtavon thann werentzhouse rouffach saint-louis soultz cernay seppois-le-bas\" class=\"wp-image-445 size-full\" srcset=\"https:\/\/opticologis.fr\/wp-content\/uploads\/2024\/10\/presentation-OpticO-logis-1024x1024.png 1024w, https:\/\/opticologis.fr\/wp-content\/uploads\/2024\/10\/presentation-OpticO-logis-300x300.png 300w, https:\/\/opticologis.fr\/wp-content\/uploads\/2024\/10\/presentation-OpticO-logis-150x150.png 150w, https:\/\/opticologis.fr\/wp-content\/uploads\/2024\/10\/presentation-OpticO-logis-768x768.png 768w, https:\/\/opticologis.fr\/wp-content\/uploads\/2024\/10\/presentation-OpticO-logis.png 1080w\" sizes=\"(max-width: 1024px) 100vw, 1024px\" \/><\/figure><div class=\"wp-block-media-text__content\">\n<p><strong>Opticiens mobiles ind\u00e9pendants<\/strong>, nous nous <strong>d\u00e9pla\u00e7ons gratuitement<\/strong> \u00e0 votre domicile, en entreprise, Ehpad&#8230; <strong>sur rendez-vous<\/strong> dans tout le Haut-Rhin, le Territoire de Belfort, et la fronti\u00e8re du Jura Suisse.<br><br>Nous prenons le temps d&#8217;\u00e9valuer et de vous conseiller ce qui correspond le mieux \u00e0 vos besoins visuels. Nous avons une collection de plus<strong> <\/strong>de<strong> 500 montures de marques<\/strong>. Un choix complet pour toute la famille, <strong>optiques et solaires<\/strong>, des <strong>produits techniques<\/strong>, des \u00e9quipements adapt\u00e9s \u00e0 toutes les pratiques sportives.<br><br>Nous r\u00e9alisons des <strong>contr\u00f4les de la vue gratuitement<\/strong> munis de nos appareils portatifs. <strong>Lentilles et produits d&#8217;entretien livr\u00e9s chez vous<\/strong>. <strong>Agr\u00e9\u00e9s \u00e0 la s\u00e9curit\u00e9 sociale<\/strong> et avec les <strong>mutuelles<\/strong> pour le <strong>tiers-payant<\/strong>. <br><br>Profitez d&#8217;une<strong> 2eme paire \u00e0 1\u20ac<\/strong> pour \u00eatre \u00e9quip\u00e9 en toute circonstances.<br><br><br> <strong><em>Albane ARNOLD   <\/em><\/strong><br> <strong><em>               Jean-Philippe PERETTI<\/em><\/strong><\/p>\n<\/div><\/div>\n<div class=\"social-share-buttons\"><a class=\"wirawp-stack-small\" href=\"https:\/\/www.facebook.com\/sharer\/sharer.php?u=https:\/\/opticologis.fr\/\" target=\"_blank\" rel=\"noopener\">\uf39e<\/a><a class=\"wirawp-stack-small\" href=\"https:\/\/twitter.com\/intent\/tweet?url=https:\/\/opticologis.fr\/&text=Bienvenue+chez+Optic%E2%80%99O+Logis\" target=\"_blank\" rel=\"noopener\">\uf099<\/a><a class=\"wirawp-stack-small\" href=\"https:\/\/www.linkedin.com\/shareArticle?url=https:\/\/opticologis.fr\/&title=Bienvenue+chez+Optic%E2%80%99O+Logis\" target=\"_blank\" rel=\"noopener\">\uf0e1<\/a><a class=\"wirawp-stack-small\" href=\"https:\/\/pinterest.com\/pin\/create\/button\/?url=https:\/\/opticologis.fr\/&description=Bienvenue+chez+Optic%E2%80%99O+Logis\" target=\"_blank\" rel=\"noopener\">\uf231<\/a><\/div>","protected":false},"excerpt":{"rendered":"<p>Opticiens mobiles ind\u00e9pendants, nous nous d\u00e9pla\u00e7ons gratuitement \u00e0 votre domicile, en entreprise, Ehpad&#8230; sur rendez-vous dans tout le Haut-Rhin, le Territoire de Belfort, et la fronti\u00e8re du Jura Suisse. Nous prenons le temps d&#8217;\u00e9valuer et de vous conseiller ce qui correspond le mieux \u00e0 vos besoins visuels. Nous avons une collection de plus de 500 [&hellip;]<\/p>\n","protected":false},"author":2,"featured_media":0,"parent":0,"menu_order":0,"comment_status":"closed","ping_status":"closed","template":"","meta":{"footnotes":""},"class_list":["post-411","page","type-page","status-publish","hentry"],"yoast_head":"<!-- This site is optimized with the Yoast SEO plugin v26.7 - https:\/\/yoast.com\/wordpress\/plugins\/seo\/ -->\n<title>Bienvenue chez Optic&#039;O Logis - OPTIC&#039; O LOGIS<\/title>\n<meta name=\"robots\" content=\"index, follow, max-snippet:-1, max-image-preview:large, max-video-preview:-1\" \/>\n<link rel=\"canonical\" href=\"https:\/\/opticologis.fr\/\" \/>\n<meta property=\"og:locale\" content=\"en_US\" \/>\n<meta property=\"og:type\" content=\"article\" \/>\n<meta property=\"og:title\" content=\"Bienvenue chez Optic&#039;O Logis - OPTIC&#039; O LOGIS\" \/>\n<meta property=\"og:description\" content=\"Opticiens mobiles ind\u00e9pendants, nous nous d\u00e9pla\u00e7ons gratuitement \u00e0 votre domicile, en entreprise, Ehpad&#8230; sur rendez-vous dans tout le Haut-Rhin, le Territoire de Belfort, et la fronti\u00e8re du Jura Suisse. Nous prenons le temps d&#8217;\u00e9valuer et de vous conseiller ce qui correspond le mieux \u00e0 vos besoins visuels. Nous avons une collection de plus de 500 [&hellip;]\" \/>\n<meta property=\"og:url\" content=\"https:\/\/opticologis.fr\/\" \/>\n<meta property=\"og:site_name\" content=\"OPTIC&#039; O LOGIS\" \/>\n<meta property=\"article:modified_time\" content=\"2024-10-22T20:08:28+00:00\" \/>\n<meta property=\"og:image\" content=\"https:\/\/opticologis.fr\/wp-content\/uploads\/2024\/10\/presentation-OpticO-logis.png\" \/>\n\t<meta property=\"og:image:width\" content=\"1080\" \/>\n\t<meta property=\"og:image:height\" content=\"1080\" \/>\n\t<meta property=\"og:image:type\" content=\"image\/png\" \/>\n<meta name=\"twitter:card\" content=\"summary_large_image\" \/>\n<meta name=\"twitter:label1\" content=\"Est. reading time\" \/>\n\t<meta name=\"twitter:data1\" content=\"1 minute\" \/>\n<script type=\"application\/ld+json\" class=\"yoast-schema-graph\">{\"@context\":\"https:\/\/schema.org\",\"@graph\":[{\"@type\":\"WebPage\",\"@id\":\"https:\/\/opticologis.fr\/\",\"url\":\"https:\/\/opticologis.fr\/\",\"name\":\"Bienvenue chez Optic'O Logis - OPTIC&#039; O LOGIS\",\"isPartOf\":{\"@id\":\"https:\/\/opticologis.fr\/#website\"},\"primaryImageOfPage\":{\"@id\":\"https:\/\/opticologis.fr\/#primaryimage\"},\"image\":{\"@id\":\"https:\/\/opticologis.fr\/#primaryimage\"},\"thumbnailUrl\":\"http:\/\/opticologis.fr\/wp-content\/uploads\/2024\/10\/presentation-OpticO-logis-1024x1024.png\",\"datePublished\":\"2024-10-03T22:57:18+00:00\",\"dateModified\":\"2024-10-22T20:08:28+00:00\",\"breadcrumb\":{\"@id\":\"https:\/\/opticologis.fr\/#breadcrumb\"},\"inLanguage\":\"en-US\",\"potentialAction\":[{\"@type\":\"ReadAction\",\"target\":[\"https:\/\/opticologis.fr\/\"]}]},{\"@type\":\"ImageObject\",\"inLanguage\":\"en-US\",\"@id\":\"https:\/\/opticologis.fr\/#primaryimage\",\"url\":\"https:\/\/opticologis.fr\/wp-content\/uploads\/2024\/10\/presentation-OpticO-logis.png\",\"contentUrl\":\"https:\/\/opticologis.fr\/wp-content\/uploads\/2024\/10\/presentation-OpticO-logis.png\",\"width\":1080,\"height\":1080,\"caption\":\"opticologis Optic'O Logis opticiens \u00e0 domicile mobile haut-rhin territoire de belfort sundgau mulhouse vall\u00e9e de la thur doller route des vins guewiller altkirch dannemarie ferrette courtavon thann werentzhouse rouffach saint-louis soultz cernay seppois-le-bas\"},{\"@type\":\"BreadcrumbList\",\"@id\":\"https:\/\/opticologis.fr\/#breadcrumb\",\"itemListElement\":[{\"@type\":\"ListItem\",\"position\":1,\"name\":\"Accueil\",\"item\":\"https:\/\/opticologis.fr\/\"},{\"@type\":\"ListItem\",\"position\":2,\"name\":\"Bienvenue chez Optic&rsquo;O Logis\"}]},{\"@type\":\"WebSite\",\"@id\":\"https:\/\/opticologis.fr\/#website\",\"url\":\"https:\/\/opticologis.fr\/\",\"name\":\"OPTIC&#039; O LOGIS\",\"description\":\"Vos opticiens sp\u00e9cialis\u00e9s \u00e0 domicile\",\"publisher\":{\"@id\":\"https:\/\/opticologis.fr\/#organization\"},\"potentialAction\":[{\"@type\":\"SearchAction\",\"target\":{\"@type\":\"EntryPoint\",\"urlTemplate\":\"https:\/\/opticologis.fr\/?s={search_term_string}\"},\"query-input\":{\"@type\":\"PropertyValueSpecification\",\"valueRequired\":true,\"valueName\":\"search_term_string\"}}],\"inLanguage\":\"en-US\"},{\"@type\":\"Organization\",\"@id\":\"https:\/\/opticologis.fr\/#organization\",\"name\":\"OPTIC&#039; O LOGIS\",\"url\":\"https:\/\/opticologis.fr\/\",\"logo\":{\"@type\":\"ImageObject\",\"inLanguage\":\"en-US\",\"@id\":\"https:\/\/opticologis.fr\/#\/schema\/logo\/image\/\",\"url\":\"https:\/\/opticologis.fr\/wp-content\/uploads\/2024\/10\/cropped-fond-transparent-1.png\",\"contentUrl\":\"https:\/\/opticologis.fr\/wp-content\/uploads\/2024\/10\/cropped-fond-transparent-1.png\",\"width\":610,\"height\":490,\"caption\":\"OPTIC&#039; O LOGIS\"},\"image\":{\"@id\":\"https:\/\/opticologis.fr\/#\/schema\/logo\/image\/\"}}]}<\/script>\n<!-- \/ Yoast SEO plugin. -->","yoast_head_json":{"title":"Bienvenue chez Optic'O Logis - OPTIC&#039; O LOGIS","robots":{"index":"index","follow":"follow","max-snippet":"max-snippet:-1","max-image-preview":"max-image-preview:large","max-video-preview":"max-video-preview:-1"},"canonical":"https:\/\/opticologis.fr\/","og_locale":"en_US","og_type":"article","og_title":"Bienvenue chez Optic'O Logis - OPTIC&#039; O LOGIS","og_description":"Opticiens mobiles ind\u00e9pendants, nous nous d\u00e9pla\u00e7ons gratuitement \u00e0 votre domicile, en entreprise, Ehpad&#8230; sur rendez-vous dans tout le Haut-Rhin, le Territoire de Belfort, et la fronti\u00e8re du Jura Suisse. Nous prenons le temps d&#8217;\u00e9valuer et de vous conseiller ce qui correspond le mieux \u00e0 vos besoins visuels. Nous avons une collection de plus de 500 [&hellip;]","og_url":"https:\/\/opticologis.fr\/","og_site_name":"OPTIC&#039; O LOGIS","article_modified_time":"2024-10-22T20:08:28+00:00","og_image":[{"width":1080,"height":1080,"url":"https:\/\/opticologis.fr\/wp-content\/uploads\/2024\/10\/presentation-OpticO-logis.png","type":"image\/png"}],"twitter_card":"summary_large_image","twitter_misc":{"Est. reading time":"1 minute"},"schema":{"@context":"https:\/\/schema.org","@graph":[{"@type":"WebPage","@id":"https:\/\/opticologis.fr\/","url":"https:\/\/opticologis.fr\/","name":"Bienvenue chez Optic'O Logis - OPTIC&#039; O LOGIS","isPartOf":{"@id":"https:\/\/opticologis.fr\/#website"},"primaryImageOfPage":{"@id":"https:\/\/opticologis.fr\/#primaryimage"},"image":{"@id":"https:\/\/opticologis.fr\/#primaryimage"},"thumbnailUrl":"http:\/\/opticologis.fr\/wp-content\/uploads\/2024\/10\/presentation-OpticO-logis-1024x1024.png","datePublished":"2024-10-03T22:57:18+00:00","dateModified":"2024-10-22T20:08:28+00:00","breadcrumb":{"@id":"https:\/\/opticologis.fr\/#breadcrumb"},"inLanguage":"en-US","potentialAction":[{"@type":"ReadAction","target":["https:\/\/opticologis.fr\/"]}]},{"@type":"ImageObject","inLanguage":"en-US","@id":"https:\/\/opticologis.fr\/#primaryimage","url":"https:\/\/opticologis.fr\/wp-content\/uploads\/2024\/10\/presentation-OpticO-logis.png","contentUrl":"https:\/\/opticologis.fr\/wp-content\/uploads\/2024\/10\/presentation-OpticO-logis.png","width":1080,"height":1080,"caption":"opticologis Optic'O Logis opticiens \u00e0 domicile mobile haut-rhin territoire de belfort sundgau mulhouse vall\u00e9e de la thur doller route des vins guewiller altkirch dannemarie ferrette courtavon thann werentzhouse rouffach saint-louis soultz cernay seppois-le-bas"},{"@type":"BreadcrumbList","@id":"https:\/\/opticologis.fr\/#breadcrumb","itemListElement":[{"@type":"ListItem","position":1,"name":"Accueil","item":"https:\/\/opticologis.fr\/"},{"@type":"ListItem","position":2,"name":"Bienvenue chez Optic&rsquo;O Logis"}]},{"@type":"WebSite","@id":"https:\/\/opticologis.fr\/#website","url":"https:\/\/opticologis.fr\/","name":"OPTIC&#039; O LOGIS","description":"Vos opticiens sp\u00e9cialis\u00e9s \u00e0 domicile","publisher":{"@id":"https:\/\/opticologis.fr\/#organization"},"potentialAction":[{"@type":"SearchAction","target":{"@type":"EntryPoint","urlTemplate":"https:\/\/opticologis.fr\/?s={search_term_string}"},"query-input":{"@type":"PropertyValueSpecification","valueRequired":true,"valueName":"search_term_string"}}],"inLanguage":"en-US"},{"@type":"Organization","@id":"https:\/\/opticologis.fr\/#organization","name":"OPTIC&#039; O LOGIS","url":"https:\/\/opticologis.fr\/","logo":{"@type":"ImageObject","inLanguage":"en-US","@id":"https:\/\/opticologis.fr\/#\/schema\/logo\/image\/","url":"https:\/\/opticologis.fr\/wp-content\/uploads\/2024\/10\/cropped-fond-transparent-1.png","contentUrl":"https:\/\/opticologis.fr\/wp-content\/uploads\/2024\/10\/cropped-fond-transparent-1.png","width":610,"height":490,"caption":"OPTIC&#039; O LOGIS"},"image":{"@id":"https:\/\/opticologis.fr\/#\/schema\/logo\/image\/"}}]}},"_links":{"self":[{"href":"https:\/\/opticologis.fr\/index.php\/wp-json\/wp\/v2\/pages\/411","targetHints":{"allow":["GET"]}}],"collection":[{"href":"https:\/\/opticologis.fr\/index.php\/wp-json\/wp\/v2\/pages"}],"about":[{"href":"https:\/\/opticologis.fr\/index.php\/wp-json\/wp\/v2\/types\/page"}],"author":[{"embeddable":true,"href":"https:\/\/opticologis.fr\/index.php\/wp-json\/wp\/v2\/users\/2"}],"replies":[{"embeddable":true,"href":"https:\/\/opticologis.fr\/index.php\/wp-json\/wp\/v2\/comments?post=411"}],"version-history":[{"count":11,"href":"https:\/\/opticologis.fr\/index.php\/wp-json\/wp\/v2\/pages\/411\/revisions"}],"predecessor-version":[{"id":692,"href":"https:\/\/opticologis.fr\/index.php\/wp-json\/wp\/v2\/pages\/411\/revisions\/692"}],"wp:attachment":[{"href":"https:\/\/opticologis.fr\/index.php\/wp-json\/wp\/v2\/media?parent=411"}],"curies":[{"name":"wp","href":"https:\/\/api.w.org\/{rel}","templated":true}]}}